{"id":39,"date":"2023-05-23T12:50:25","date_gmt":"2023-05-23T10:50:25","guid":{"rendered":"https:\/\/chor-and-more-wuppertal.de\/?page_id=39"},"modified":"2025-11-22T18:20:19","modified_gmt":"2025-11-22T17:20:19","slug":"konzerte","status":"publish","type":"page","link":"https:\/\/chor-and-more-wuppertal.de\/?page_id=39","title":{"rendered":"Konzerte 2025"},"content":{"rendered":"\n<figure class=\"wp-block-image size-full\"><img loading=\"lazy\" decoding=\"async\" width=\"400\" height=\"566\" src=\"https:\/\/chor-and-more-wuppertal.de\/wp-content\/uploads\/2025\/10\/IMG_8086.jpg\" alt=\"\" class=\"wp-image-275\" srcset=\"https:\/\/chor-and-more-wuppertal.de\/wp-content\/uploads\/2025\/10\/IMG_8086.jpg 400w, https:\/\/chor-and-more-wuppertal.de\/wp-content\/uploads\/2025\/10\/IMG_8086-212x300.jpg 212w, https:\/\/chor-and-more-wuppertal.de\/wp-content\/uploads\/2025\/10\/IMG_8086-300x425.jpg 300w\" sizes=\"auto, (max-width: 400px) 100vw, 400px\" \/><\/figure>\n\n\n\n<p>&#8222;Es ist Zeit&#8220;<\/p>\n\n\n\n<p>Es ist Zeit: F\u00fcr Gl\u00fchwein, Spekulatius und Geschenkeinkauf. Stress! F\u00fcr Kerzen, Lieder, Beisammensein. F\u00fcr gemeinsames Innehalten. Anhalten. F\u00fcr ein Weihnachtskonzert mit uns &#8211; mit cHor&amp;more!\u00a0<\/p>\n\n\n\n<p>Wir, der Popchor vom Katernberg, teilen stimmungsvolle Chors\u00e4tze und musikalische \u00dcberraschungen. Das Programm bietet winterliche Klanglandschaften, Klassiker neu in Szene gesetzt, Lieblingsst\u00fccke. Mit gro\u00dfer Vorfreude ausgew\u00e4hlt und Liebe pr\u00e4sentiert.<\/p>\n\n\n\n<p>Samstag, <strong>13.12.2025 um 17 Uhr<\/strong> in der Klosterkirche Sankt Maria Magdalena Kirche, Wuppertal Beyenburg <\/p>\n\n\n\n<figure class=\"wp-block-image size-full\"><img loading=\"lazy\" decoding=\"async\" width=\"492\" height=\"492\" src=\"https:\/\/chor-and-more-wuppertal.de\/wp-content\/uploads\/2025\/09\/image.png\" alt=\"\" class=\"wp-image-260\" srcset=\"https:\/\/chor-and-more-wuppertal.de\/wp-content\/uploads\/2025\/09\/image.png 492w, https:\/\/chor-and-more-wuppertal.de\/wp-content\/uploads\/2025\/09\/image-300x300.png 300w, https:\/\/chor-and-more-wuppertal.de\/wp-content\/uploads\/2025\/09\/image-150x150.png 150w\" sizes=\"auto, (max-width: 492px) 100vw, 492px\" \/><\/figure>\n\n\n\n<p>Sonntag, <strong>14.12.2025 um 17<\/strong> Uhr in der Auferstehungskirche Wuppertal<\/p>\n\n\n\n<figure class=\"wp-block-image size-full\"><img loading=\"lazy\" decoding=\"async\" width=\"492\" height=\"492\" src=\"https:\/\/chor-and-more-wuppertal.de\/wp-content\/uploads\/2025\/09\/14.12.jpg\" alt=\"\" class=\"wp-image-248\" srcset=\"https:\/\/chor-and-more-wuppertal.de\/wp-content\/uploads\/2025\/09\/14.12.jpg 492w, https:\/\/chor-and-more-wuppertal.de\/wp-content\/uploads\/2025\/09\/14.12-300x300.jpg 300w, https:\/\/chor-and-more-wuppertal.de\/wp-content\/uploads\/2025\/09\/14.12-150x150.jpg 150w\" sizes=\"auto, (max-width: 492px) 100vw, 492px\" \/><\/figure>\n\n\n\n<p>&#8222;Little blue&#8220;, wenn die Welt sich ver\u00e4ndert, ist Musik ein Anker &#8211; sie verbindet, schenkt Kraft und l\u00e4sst Herzen leuchten. <\/p>\n\n\n\n<p>Wir singen f\u00fcr euch am <strong>17.5.2025<\/strong> und am <strong>18.05.2025<\/strong><\/p>\n\n\n\n<p>Kauft euch eure Tickets direkt <strong><a href=\"https:\/\/www.wuppertal-live.de\/User\/1258\">hier<\/a><\/strong><\/p>\n\n\n\n<figure class=\"wp-block-image size-large\"><img loading=\"lazy\" decoding=\"async\" width=\"724\" height=\"1024\" src=\"https:\/\/chor-and-more-wuppertal.de\/wp-content\/uploads\/2025\/03\/107e41ee-a3ae-49e4-b454-c6278b81ef65-724x1024.jpg\" alt=\"\" class=\"wp-image-210\" srcset=\"https:\/\/chor-and-more-wuppertal.de\/wp-content\/uploads\/2025\/03\/107e41ee-a3ae-49e4-b454-c6278b81ef65-724x1024.jpg 724w, https:\/\/chor-and-more-wuppertal.de\/wp-content\/uploads\/2025\/03\/107e41ee-a3ae-49e4-b454-c6278b81ef65-212x300.jpg 212w, https:\/\/chor-and-more-wuppertal.de\/wp-content\/uploads\/2025\/03\/107e41ee-a3ae-49e4-b454-c6278b81ef65-768x1087.jpg 768w, https:\/\/chor-and-more-wuppertal.de\/wp-content\/uploads\/2025\/03\/107e41ee-a3ae-49e4-b454-c6278b81ef65-1085x1536.jpg 1085w, https:\/\/chor-and-more-wuppertal.de\/wp-content\/uploads\/2025\/03\/107e41ee-a3ae-49e4-b454-c6278b81ef65-300x425.jpg 300w, https:\/\/chor-and-more-wuppertal.de\/wp-content\/uploads\/2025\/03\/107e41ee-a3ae-49e4-b454-c6278b81ef65-850x1203.jpg 850w, https:\/\/chor-and-more-wuppertal.de\/wp-content\/uploads\/2025\/03\/107e41ee-a3ae-49e4-b454-c6278b81ef65.jpg 1447w\" sizes=\"auto, (max-width: 724px) 100vw, 724px\" \/><\/figure>\n\n\n\n<p>vergangene Konzerte<\/p>\n\n\n\n<p><strong>15.12.2024<\/strong> Gottesdienst, 10:00 Uhr, Kirche Diakonie Aprath<\/p>\n\n\n\n<p><strong>22.06.2024<\/strong> Sommerkonzert, 18:00 Uhr, Auferstehungskirche Wuppertal<\/p>\n\n\n\n<figure class=\"wp-block-image size-large\"><img loading=\"lazy\" decoding=\"async\" width=\"724\" height=\"1024\" src=\"https:\/\/chor-and-more-wuppertal.de\/wp-content\/uploads\/2024\/05\/2f99e373-4e55-4a60-b981-dc4bca8fe544-1-724x1024.jpeg\" alt=\"\" class=\"wp-image-163\" srcset=\"https:\/\/chor-and-more-wuppertal.de\/wp-content\/uploads\/2024\/05\/2f99e373-4e55-4a60-b981-dc4bca8fe544-1-724x1024.jpeg 724w, https:\/\/chor-and-more-wuppertal.de\/wp-content\/uploads\/2024\/05\/2f99e373-4e55-4a60-b981-dc4bca8fe544-1-212x300.jpeg 212w, https:\/\/chor-and-more-wuppertal.de\/wp-content\/uploads\/2024\/05\/2f99e373-4e55-4a60-b981-dc4bca8fe544-1-768x1086.jpeg 768w, https:\/\/chor-and-more-wuppertal.de\/wp-content\/uploads\/2024\/05\/2f99e373-4e55-4a60-b981-dc4bca8fe544-1-1086x1536.jpeg 1086w, https:\/\/chor-and-more-wuppertal.de\/wp-content\/uploads\/2024\/05\/2f99e373-4e55-4a60-b981-dc4bca8fe544-1-300x424.jpeg 300w, https:\/\/chor-and-more-wuppertal.de\/wp-content\/uploads\/2024\/05\/2f99e373-4e55-4a60-b981-dc4bca8fe544-1-850x1202.jpeg 850w, https:\/\/chor-and-more-wuppertal.de\/wp-content\/uploads\/2024\/05\/2f99e373-4e55-4a60-b981-dc4bca8fe544-1.jpeg 1448w\" sizes=\"auto, (max-width: 724px) 100vw, 724px\" \/><\/figure>\n\n\n\n<p class=\"has-text-align-left\"><strong>18.11.\/19.11.2023 <\/strong>Gemeinsame Konzerte mit dem <a href=\"https:\/\/www.popchor-koeln.de\/\">popCHOR K\u00f6ln<\/a> <\/p>\n\n\n\n<p>Tickets findet ihr <a href=\"https:\/\/www.wuppertal-live.de\/\">hier.<\/a> <\/p>\n\n\n\n<p>Ort: Bergischer Ring 31, Wuppertal (Auferstehungskirche)<\/p>\n\n\n\n<figure class=\"wp-block-image size-large\"><img loading=\"lazy\" decoding=\"async\" width=\"729\" height=\"1024\" src=\"https:\/\/chor-and-more-wuppertal.de\/wp-content\/uploads\/2023\/10\/2548-3579-max-729x1024.jpg\" alt=\"\" class=\"wp-image-139\" srcset=\"https:\/\/chor-and-more-wuppertal.de\/wp-content\/uploads\/2023\/10\/2548-3579-max-729x1024.jpg 729w, https:\/\/chor-and-more-wuppertal.de\/wp-content\/uploads\/2023\/10\/2548-3579-max-214x300.jpg 214w, https:\/\/chor-and-more-wuppertal.de\/wp-content\/uploads\/2023\/10\/2548-3579-max-768x1079.jpg 768w, https:\/\/chor-and-more-wuppertal.de\/wp-content\/uploads\/2023\/10\/2548-3579-max-1094x1536.jpg 1094w, https:\/\/chor-and-more-wuppertal.de\/wp-content\/uploads\/2023\/10\/2548-3579-max-1458x2048.jpg 1458w, https:\/\/chor-and-more-wuppertal.de\/wp-content\/uploads\/2023\/10\/2548-3579-max-300x421.jpg 300w, https:\/\/chor-and-more-wuppertal.de\/wp-content\/uploads\/2023\/10\/2548-3579-max-850x1194.jpg 850w, https:\/\/chor-and-more-wuppertal.de\/wp-content\/uploads\/2023\/10\/2548-3579-max-scaled.jpg 1823w\" sizes=\"auto, (max-width: 729px) 100vw, 729px\" \/><\/figure>\n\n\n\n<p><strong>17.12.2023<\/strong> Advents-Gottesdienst in der Kirche der Diakonie Aprath<\/p>\n\n\n\n<p>Otto Ohl Weg 1, W\u00fclfrath<\/p>\n\n\n\n<p><\/p>\n\n\n\n<p><\/p>\n\n\n\n<p>&#8212;&#8212;&#8212;&#8212;&#8212;&#8212;&#8212;&#8212;&#8212;&#8212;&#8212;&#8212;&#8212;&#8212;&#8212;&#8212;&#8212;&#8212;&#8212;&#8212;&#8212;&#8212;&#8212;&#8212;&#8212;<\/p>\n\n\n\n<p><\/p>\n\n\n\n<p>6.6.2023 Sommerkonzert Auferstehungskirche, Wuppertal<\/p>\n\n\n\n<p><\/p>\n\n\n\n<p><\/p>\n","protected":false},"excerpt":{"rendered":"<p>&#8222;Es ist Zeit&#8220; Es ist Zeit: F\u00fcr Gl\u00fchwein, Spekulatius und Geschenkeinkauf. Stress! F\u00fcr Kerzen, Lieder, Beisammensein. F\u00fcr gemeinsames Innehalten. Anhalten. F\u00fcr ein Weihnachtskonzert mit uns &#8211; mit cHor&amp;more!\u00a0 Wir, der Popchor vom Katernberg, teilen stimmungsvolle Chors\u00e4tze und musikalische \u00dcberraschungen. Das Programm bietet winterliche Klanglandschaften, Klassiker neu in Szene gesetzt, Lieblingsst\u00fccke. Mit gro\u00dfer Vorfreude ausgew\u00e4hlt und&#8230;<\/p>\n","protected":false},"author":1,"featured_media":0,"parent":0,"menu_order":0,"comment_status":"closed","ping_status":"closed","template":"","meta":{"footnotes":""},"class_list":["post-39","page","type-page","status-publish","hentry"],"_links":{"self":[{"href":"https:\/\/chor-and-more-wuppertal.de\/index.php?rest_route=\/wp\/v2\/pages\/39","targetHints":{"allow":["GET"]}}],"collection":[{"href":"https:\/\/chor-and-more-wuppertal.de\/index.php?rest_route=\/wp\/v2\/pages"}],"about":[{"href":"https:\/\/chor-and-more-wuppertal.de\/index.php?rest_route=\/wp\/v2\/types\/page"}],"author":[{"embeddable":true,"href":"https:\/\/chor-and-more-wuppertal.de\/index.php?rest_route=\/wp\/v2\/users\/1"}],"replies":[{"embeddable":true,"href":"https:\/\/chor-and-more-wuppertal.de\/index.php?rest_route=%2Fwp%2Fv2%2Fcomments&post=39"}],"version-history":[{"count":32,"href":"https:\/\/chor-and-more-wuppertal.de\/index.php?rest_route=\/wp\/v2\/pages\/39\/revisions"}],"predecessor-version":[{"id":283,"href":"https:\/\/chor-and-more-wuppertal.de\/index.php?rest_route=\/wp\/v2\/pages\/39\/revisions\/283"}],"wp:attachment":[{"href":"https:\/\/chor-and-more-wuppertal.de\/index.php?rest_route=%2Fwp%2Fv2%2Fmedia&parent=39"}],"curies":[{"name":"wp","href":"https:\/\/api.w.org\/{rel}","templated":true}]}}