{"id":2,"date":"2023-05-16T14:04:13","date_gmt":"2023-05-16T14:04:13","guid":{"rendered":"https:\/\/chor-and-more-wuppertal.de\/?page_id=2"},"modified":"2025-10-01T12:49:30","modified_gmt":"2025-10-01T10:49:30","slug":"sample-page","status":"publish","type":"page","link":"https:\/\/chor-and-more-wuppertal.de\/?page_id=2","title":{"rendered":"Das sind wir"},"content":{"rendered":"\n<h3 class=\"wp-block-heading\">Willkommen bei&nbsp;<strong>cHor&amp;more e.V.<\/strong>&nbsp;\u2013 dem Popchor vom Katernberg!<\/h3>\n\n\n\n<p>Seit dem Fr\u00fchjahr 2012 bringen wir mit modernen Popsongs, Circle- und Loopsongs, Body-Percussion und gef\u00fchlvollen A-cappella-Arrangements frischen Klang nach Wuppertal. Unter der Leitung von&nbsp;<strong>Hilde Kuhlmann<\/strong>&nbsp;sind wir inzwischen \u00fcber 30 S\u00e4ngerinnen und S\u00e4nger, die mit Leidenschaft, Freude und Energie gemeinsam musizieren. Unsere Proben im Gemeindehaus der Friedhofskirche, unsere Wochenenden und nat\u00fcrlich die Konzerte sind feste Ankerpunkte f\u00fcr Gemeinschaft und musikalische Entfaltung. Im letzten Jahr haben wir das Programm&nbsp;<em>Little Blue<\/em>&nbsp;aufgef\u00fchrt,  f\u00fcr uns war es ein Herzensprojekt voller Popsongs wie&nbsp;<em>Beloved<\/em>,&nbsp;<em>Viva la Vida<\/em>&nbsp;und&nbsp;<em>A Time for Love<\/em>, die unser Publikum tief ber\u00fchrt haben.<\/p>\n\n\n\n<p>Unsere Chorleiterin Hilde Kuhlmann ist Musikerin, Musikp\u00e4dagogin und eine erfahrene Stimmtrainerin. Sie studierte Musik und Germanistik in M\u00fcnster, forschte unter anderem in Eswatini und lehrt heute an der Hochschule f\u00fcr Musik und Tanz K\u00f6ln, Standort Wuppertal. Au\u00dferdem ist sie an der Bergischen Musikschule aktiv und hat Formate wie den&nbsp;<em>tAnzcHor60+<\/em>&nbsp;ins Leben gerufen. Hilde versteht es, mit Humor, Herz und gro\u00dfer Professionalit\u00e4t jede Stimme zum Leuchten zu bringen. Sie leitet neben unserem Chor auch weitere Projekte, gibt deutschlandweit Workshops und inspiriert Menschen jeden Alters, ihre Stimme zu entdecken.<\/p>\n\n\n\n<p>Bei uns geht es nicht nur um Noten und Takte, sondern um das, was zwischen den Zeilen klingt: Zusammenhalt, Freude und Ausdruck. Wenn wir&nbsp;<em>Viva la Vida<\/em>&nbsp;anstimmen, sp\u00fcrt man die Lebensfreude in jeder Phrase.&nbsp;<em>Beloved<\/em>&nbsp;\u00fcberzeugt nicht nur musikalisch, sondern w\u00e4rmt auch die Seele.&nbsp;<em>A Time for Love<\/em>&nbsp;erhebt sich wie ein hoffnungsvoller Aufbruch \u2013 und in unseren Circle-Songs summt und pulsiert der ganze Chor, als w\u00e4ren wir Teil eines gro\u00dfen, lebendigen Ganzen.<\/p>\n\n\n\n<p><\/p>\n\n\n\n<p><strong>cHor&amp;more e.V.<\/strong>&nbsp;steht f\u00fcr moderne, vielseitige Chormusik, f\u00fcr eine herzliche Gemeinschaft und f\u00fcr Auftritte, die von innen heraus strahlen. Hier darf jede Stimme klingen, hier wird jeder Ton getragen \u2013 und manchmal sogar ein kleines bisschen verzaubert.<\/p>\n\n\n\n<p>Copyright aller folgender Fotos: Anne Kuhn<\/p>\n\n\n\n<figure class=\"wp-block-gallery has-nested-images columns-default is-cropped wp-block-gallery-1 is-layout-flex wp-block-gallery-is-layout-flex\">\n<figure class=\"wp-block-image size-large\"><img loading=\"lazy\" decoding=\"async\" width=\"1024\" height=\"683\" data-id=\"225\" src=\"https:\/\/chor-and-more-wuppertal.de\/wp-content\/uploads\/2025\/09\/075-20250518-DSC03886-1024x683.jpg\" alt=\"\" class=\"wp-image-225\" srcset=\"https:\/\/chor-and-more-wuppertal.de\/wp-content\/uploads\/2025\/09\/075-20250518-DSC03886-1024x683.jpg 1024w, https:\/\/chor-and-more-wuppertal.de\/wp-content\/uploads\/2025\/09\/075-20250518-DSC03886-300x200.jpg 300w, https:\/\/chor-and-more-wuppertal.de\/wp-content\/uploads\/2025\/09\/075-20250518-DSC03886-768x512.jpg 768w, https:\/\/chor-and-more-wuppertal.de\/wp-content\/uploads\/2025\/09\/075-20250518-DSC03886-1536x1024.jpg 1536w, https:\/\/chor-and-more-wuppertal.de\/wp-content\/uploads\/2025\/09\/075-20250518-DSC03886-2048x1365.jpg 2048w, https:\/\/chor-and-more-wuppertal.de\/wp-content\/uploads\/2025\/09\/075-20250518-DSC03886-850x567.jpg 850w\" sizes=\"auto, (max-width: 1024px) 100vw, 1024px\" \/><\/figure>\n\n\n\n<figure class=\"wp-block-image size-large\"><img loading=\"lazy\" decoding=\"async\" width=\"683\" height=\"1024\" data-id=\"230\" src=\"https:\/\/chor-and-more-wuppertal.de\/wp-content\/uploads\/2025\/09\/062-20250518-DSC03868-683x1024.jpg\" alt=\"\" class=\"wp-image-230\" srcset=\"https:\/\/chor-and-more-wuppertal.de\/wp-content\/uploads\/2025\/09\/062-20250518-DSC03868-683x1024.jpg 683w, https:\/\/chor-and-more-wuppertal.de\/wp-content\/uploads\/2025\/09\/062-20250518-DSC03868-200x300.jpg 200w, https:\/\/chor-and-more-wuppertal.de\/wp-content\/uploads\/2025\/09\/062-20250518-DSC03868-768x1152.jpg 768w, https:\/\/chor-and-more-wuppertal.de\/wp-content\/uploads\/2025\/09\/062-20250518-DSC03868-1024x1536.jpg 1024w, https:\/\/chor-and-more-wuppertal.de\/wp-content\/uploads\/2025\/09\/062-20250518-DSC03868-1365x2048.jpg 1365w, https:\/\/chor-and-more-wuppertal.de\/wp-content\/uploads\/2025\/09\/062-20250518-DSC03868-300x450.jpg 300w, https:\/\/chor-and-more-wuppertal.de\/wp-content\/uploads\/2025\/09\/062-20250518-DSC03868-850x1275.jpg 850w, https:\/\/chor-and-more-wuppertal.de\/wp-content\/uploads\/2025\/09\/062-20250518-DSC03868-scaled.jpg 1707w\" sizes=\"auto, (max-width: 683px) 100vw, 683px\" \/><\/figure>\n\n\n\n<figure class=\"wp-block-image size-large\"><img loading=\"lazy\" decoding=\"async\" width=\"1024\" height=\"683\" data-id=\"228\" src=\"https:\/\/chor-and-more-wuppertal.de\/wp-content\/uploads\/2025\/09\/057-20250518-DSC03865-1024x683.jpg\" alt=\"\" class=\"wp-image-228\" srcset=\"https:\/\/chor-and-more-wuppertal.de\/wp-content\/uploads\/2025\/09\/057-20250518-DSC03865-1024x683.jpg 1024w, https:\/\/chor-and-more-wuppertal.de\/wp-content\/uploads\/2025\/09\/057-20250518-DSC03865-300x200.jpg 300w, https:\/\/chor-and-more-wuppertal.de\/wp-content\/uploads\/2025\/09\/057-20250518-DSC03865-768x512.jpg 768w, https:\/\/chor-and-more-wuppertal.de\/wp-content\/uploads\/2025\/09\/057-20250518-DSC03865-1536x1024.jpg 1536w, https:\/\/chor-and-more-wuppertal.de\/wp-content\/uploads\/2025\/09\/057-20250518-DSC03865-2048x1365.jpg 2048w, https:\/\/chor-and-more-wuppertal.de\/wp-content\/uploads\/2025\/09\/057-20250518-DSC03865-850x567.jpg 850w\" sizes=\"auto, (max-width: 1024px) 100vw, 1024px\" \/><\/figure>\n\n\n\n<figure class=\"wp-block-image size-large\"><img loading=\"lazy\" decoding=\"async\" width=\"1024\" height=\"683\" data-id=\"226\" src=\"https:\/\/chor-and-more-wuppertal.de\/wp-content\/uploads\/2025\/09\/055-20250518-DSC03859-1024x683.jpg\" alt=\"\" class=\"wp-image-226\" srcset=\"https:\/\/chor-and-more-wuppertal.de\/wp-content\/uploads\/2025\/09\/055-20250518-DSC03859-1024x683.jpg 1024w, https:\/\/chor-and-more-wuppertal.de\/wp-content\/uploads\/2025\/09\/055-20250518-DSC03859-300x200.jpg 300w, https:\/\/chor-and-more-wuppertal.de\/wp-content\/uploads\/2025\/09\/055-20250518-DSC03859-768x512.jpg 768w, https:\/\/chor-and-more-wuppertal.de\/wp-content\/uploads\/2025\/09\/055-20250518-DSC03859-1536x1024.jpg 1536w, https:\/\/chor-and-more-wuppertal.de\/wp-content\/uploads\/2025\/09\/055-20250518-DSC03859-2048x1365.jpg 2048w, https:\/\/chor-and-more-wuppertal.de\/wp-content\/uploads\/2025\/09\/055-20250518-DSC03859-850x567.jpg 850w\" sizes=\"auto, (max-width: 1024px) 100vw, 1024px\" \/><\/figure>\n\n\n\n<figure class=\"wp-block-image size-large\"><img loading=\"lazy\" decoding=\"async\" width=\"1024\" height=\"683\" data-id=\"229\" src=\"https:\/\/chor-and-more-wuppertal.de\/wp-content\/uploads\/2025\/09\/014-20250518-DSC08721-1024x683.jpg\" alt=\"\" class=\"wp-image-229\" srcset=\"https:\/\/chor-and-more-wuppertal.de\/wp-content\/uploads\/2025\/09\/014-20250518-DSC08721-1024x683.jpg 1024w, https:\/\/chor-and-more-wuppertal.de\/wp-content\/uploads\/2025\/09\/014-20250518-DSC08721-300x200.jpg 300w, https:\/\/chor-and-more-wuppertal.de\/wp-content\/uploads\/2025\/09\/014-20250518-DSC08721-768x512.jpg 768w, https:\/\/chor-and-more-wuppertal.de\/wp-content\/uploads\/2025\/09\/014-20250518-DSC08721-1536x1024.jpg 1536w, https:\/\/chor-and-more-wuppertal.de\/wp-content\/uploads\/2025\/09\/014-20250518-DSC08721-2048x1365.jpg 2048w, https:\/\/chor-and-more-wuppertal.de\/wp-content\/uploads\/2025\/09\/014-20250518-DSC08721-850x567.jpg 850w\" sizes=\"auto, (max-width: 1024px) 100vw, 1024px\" \/><\/figure>\n\n\n\n<figure class=\"wp-block-image size-large\"><img loading=\"lazy\" decoding=\"async\" width=\"1024\" height=\"683\" data-id=\"227\" src=\"https:\/\/chor-and-more-wuppertal.de\/wp-content\/uploads\/2025\/09\/040-20250516-DSC08263-1024x683.jpg\" alt=\"\" class=\"wp-image-227\" srcset=\"https:\/\/chor-and-more-wuppertal.de\/wp-content\/uploads\/2025\/09\/040-20250516-DSC08263-1024x683.jpg 1024w, https:\/\/chor-and-more-wuppertal.de\/wp-content\/uploads\/2025\/09\/040-20250516-DSC08263-300x200.jpg 300w, https:\/\/chor-and-more-wuppertal.de\/wp-content\/uploads\/2025\/09\/040-20250516-DSC08263-768x512.jpg 768w, https:\/\/chor-and-more-wuppertal.de\/wp-content\/uploads\/2025\/09\/040-20250516-DSC08263-1536x1024.jpg 1536w, https:\/\/chor-and-more-wuppertal.de\/wp-content\/uploads\/2025\/09\/040-20250516-DSC08263-2048x1365.jpg 2048w, https:\/\/chor-and-more-wuppertal.de\/wp-content\/uploads\/2025\/09\/040-20250516-DSC08263-850x567.jpg 850w\" sizes=\"auto, (max-width: 1024px) 100vw, 1024px\" \/><\/figure>\n\n\n\n<figure class=\"wp-block-image size-large\"><img loading=\"lazy\" decoding=\"async\" width=\"1024\" height=\"683\" data-id=\"231\" src=\"https:\/\/chor-and-more-wuppertal.de\/wp-content\/uploads\/2025\/09\/038-20250516-DSC08261-1024x683.jpg\" alt=\"\" class=\"wp-image-231\" srcset=\"https:\/\/chor-and-more-wuppertal.de\/wp-content\/uploads\/2025\/09\/038-20250516-DSC08261-1024x683.jpg 1024w, https:\/\/chor-and-more-wuppertal.de\/wp-content\/uploads\/2025\/09\/038-20250516-DSC08261-300x200.jpg 300w, https:\/\/chor-and-more-wuppertal.de\/wp-content\/uploads\/2025\/09\/038-20250516-DSC08261-768x512.jpg 768w, https:\/\/chor-and-more-wuppertal.de\/wp-content\/uploads\/2025\/09\/038-20250516-DSC08261-1536x1024.jpg 1536w, https:\/\/chor-and-more-wuppertal.de\/wp-content\/uploads\/2025\/09\/038-20250516-DSC08261-2048x1365.jpg 2048w, https:\/\/chor-and-more-wuppertal.de\/wp-content\/uploads\/2025\/09\/038-20250516-DSC08261-850x567.jpg 850w\" sizes=\"auto, (max-width: 1024px) 100vw, 1024px\" \/><\/figure>\n\n\n\n<figure class=\"wp-block-image size-large\"><img loading=\"lazy\" decoding=\"async\" width=\"1024\" height=\"683\" data-id=\"232\" src=\"https:\/\/chor-and-more-wuppertal.de\/wp-content\/uploads\/2025\/09\/030-20250516-DSC08226-1024x683.jpg\" alt=\"\" class=\"wp-image-232\" srcset=\"https:\/\/chor-and-more-wuppertal.de\/wp-content\/uploads\/2025\/09\/030-20250516-DSC08226-1024x683.jpg 1024w, https:\/\/chor-and-more-wuppertal.de\/wp-content\/uploads\/2025\/09\/030-20250516-DSC08226-300x200.jpg 300w, https:\/\/chor-and-more-wuppertal.de\/wp-content\/uploads\/2025\/09\/030-20250516-DSC08226-768x512.jpg 768w, https:\/\/chor-and-more-wuppertal.de\/wp-content\/uploads\/2025\/09\/030-20250516-DSC08226-1536x1024.jpg 1536w, https:\/\/chor-and-more-wuppertal.de\/wp-content\/uploads\/2025\/09\/030-20250516-DSC08226-2048x1365.jpg 2048w, https:\/\/chor-and-more-wuppertal.de\/wp-content\/uploads\/2025\/09\/030-20250516-DSC08226-850x567.jpg 850w\" sizes=\"auto, (max-width: 1024px) 100vw, 1024px\" \/><\/figure>\n\n\n\n<figure class=\"wp-block-image size-large\"><img loading=\"lazy\" decoding=\"async\" width=\"683\" height=\"1024\" data-id=\"236\" src=\"https:\/\/chor-and-more-wuppertal.de\/wp-content\/uploads\/2025\/09\/025-20250516-L1220745-683x1024.jpg\" alt=\"\" class=\"wp-image-236\" srcset=\"https:\/\/chor-and-more-wuppertal.de\/wp-content\/uploads\/2025\/09\/025-20250516-L1220745-683x1024.jpg 683w, https:\/\/chor-and-more-wuppertal.de\/wp-content\/uploads\/2025\/09\/025-20250516-L1220745-200x300.jpg 200w, https:\/\/chor-and-more-wuppertal.de\/wp-content\/uploads\/2025\/09\/025-20250516-L1220745-768x1152.jpg 768w, https:\/\/chor-and-more-wuppertal.de\/wp-content\/uploads\/2025\/09\/025-20250516-L1220745-1024x1536.jpg 1024w, https:\/\/chor-and-more-wuppertal.de\/wp-content\/uploads\/2025\/09\/025-20250516-L1220745-1365x2048.jpg 1365w, https:\/\/chor-and-more-wuppertal.de\/wp-content\/uploads\/2025\/09\/025-20250516-L1220745-300x450.jpg 300w, https:\/\/chor-and-more-wuppertal.de\/wp-content\/uploads\/2025\/09\/025-20250516-L1220745-850x1275.jpg 850w, https:\/\/chor-and-more-wuppertal.de\/wp-content\/uploads\/2025\/09\/025-20250516-L1220745-scaled.jpg 1707w\" sizes=\"auto, (max-width: 683px) 100vw, 683px\" \/><\/figure>\n\n\n\n<figure class=\"wp-block-image size-large\"><img loading=\"lazy\" decoding=\"async\" width=\"1024\" height=\"683\" data-id=\"235\" src=\"https:\/\/chor-and-more-wuppertal.de\/wp-content\/uploads\/2025\/09\/009-20250516-DSC08145-Verbessert-RR-1024x683.jpg\" alt=\"\" class=\"wp-image-235\" srcset=\"https:\/\/chor-and-more-wuppertal.de\/wp-content\/uploads\/2025\/09\/009-20250516-DSC08145-Verbessert-RR-1024x683.jpg 1024w, https:\/\/chor-and-more-wuppertal.de\/wp-content\/uploads\/2025\/09\/009-20250516-DSC08145-Verbessert-RR-300x200.jpg 300w, https:\/\/chor-and-more-wuppertal.de\/wp-content\/uploads\/2025\/09\/009-20250516-DSC08145-Verbessert-RR-768x512.jpg 768w, https:\/\/chor-and-more-wuppertal.de\/wp-content\/uploads\/2025\/09\/009-20250516-DSC08145-Verbessert-RR-1536x1024.jpg 1536w, https:\/\/chor-and-more-wuppertal.de\/wp-content\/uploads\/2025\/09\/009-20250516-DSC08145-Verbessert-RR-2048x1365.jpg 2048w, https:\/\/chor-and-more-wuppertal.de\/wp-content\/uploads\/2025\/09\/009-20250516-DSC08145-Verbessert-RR-850x567.jpg 850w\" sizes=\"auto, (max-width: 1024px) 100vw, 1024px\" \/><\/figure>\n\n\n\n<figure class=\"wp-block-image size-large\"><img loading=\"lazy\" decoding=\"async\" width=\"768\" height=\"1024\" data-id=\"233\" src=\"https:\/\/chor-and-more-wuppertal.de\/wp-content\/uploads\/2025\/09\/008-20250516-DSC03320-Verbessert-RR-Bearbeitet-768x1024.jpg\" alt=\"\" class=\"wp-image-233\" srcset=\"https:\/\/chor-and-more-wuppertal.de\/wp-content\/uploads\/2025\/09\/008-20250516-DSC03320-Verbessert-RR-Bearbeitet-768x1024.jpg 768w, https:\/\/chor-and-more-wuppertal.de\/wp-content\/uploads\/2025\/09\/008-20250516-DSC03320-Verbessert-RR-Bearbeitet-225x300.jpg 225w, https:\/\/chor-and-more-wuppertal.de\/wp-content\/uploads\/2025\/09\/008-20250516-DSC03320-Verbessert-RR-Bearbeitet-1152x1536.jpg 1152w, https:\/\/chor-and-more-wuppertal.de\/wp-content\/uploads\/2025\/09\/008-20250516-DSC03320-Verbessert-RR-Bearbeitet-1536x2048.jpg 1536w, https:\/\/chor-and-more-wuppertal.de\/wp-content\/uploads\/2025\/09\/008-20250516-DSC03320-Verbessert-RR-Bearbeitet-300x400.jpg 300w, https:\/\/chor-and-more-wuppertal.de\/wp-content\/uploads\/2025\/09\/008-20250516-DSC03320-Verbessert-RR-Bearbeitet-850x1133.jpg 850w, https:\/\/chor-and-more-wuppertal.de\/wp-content\/uploads\/2025\/09\/008-20250516-DSC03320-Verbessert-RR-Bearbeitet-scaled.jpg 1920w\" sizes=\"auto, (max-width: 768px) 100vw, 768px\" \/><\/figure>\n\n\n\n<figure class=\"wp-block-image size-large\"><img loading=\"lazy\" decoding=\"async\" width=\"683\" height=\"1024\" data-id=\"234\" src=\"https:\/\/chor-and-more-wuppertal.de\/wp-content\/uploads\/2025\/09\/005-20250516-DSC03291-Verbessert-RR-683x1024.jpg\" alt=\"\" class=\"wp-image-234\" srcset=\"https:\/\/chor-and-more-wuppertal.de\/wp-content\/uploads\/2025\/09\/005-20250516-DSC03291-Verbessert-RR-683x1024.jpg 683w, https:\/\/chor-and-more-wuppertal.de\/wp-content\/uploads\/2025\/09\/005-20250516-DSC03291-Verbessert-RR-200x300.jpg 200w, https:\/\/chor-and-more-wuppertal.de\/wp-content\/uploads\/2025\/09\/005-20250516-DSC03291-Verbessert-RR-768x1152.jpg 768w, https:\/\/chor-and-more-wuppertal.de\/wp-content\/uploads\/2025\/09\/005-20250516-DSC03291-Verbessert-RR-1024x1536.jpg 1024w, https:\/\/chor-and-more-wuppertal.de\/wp-content\/uploads\/2025\/09\/005-20250516-DSC03291-Verbessert-RR-1365x2048.jpg 1365w, https:\/\/chor-and-more-wuppertal.de\/wp-content\/uploads\/2025\/09\/005-20250516-DSC03291-Verbessert-RR-300x450.jpg 300w, https:\/\/chor-and-more-wuppertal.de\/wp-content\/uploads\/2025\/09\/005-20250516-DSC03291-Verbessert-RR-850x1275.jpg 850w, https:\/\/chor-and-more-wuppertal.de\/wp-content\/uploads\/2025\/09\/005-20250516-DSC03291-Verbessert-RR-scaled.jpg 1707w\" sizes=\"auto, (max-width: 683px) 100vw, 683px\" \/><\/figure>\n<\/figure>\n\n\n\n<figure class=\"wp-block-image size-large\"><img loading=\"lazy\" decoding=\"async\" width=\"1024\" height=\"683\" src=\"https:\/\/chor-and-more-wuppertal.de\/wp-content\/uploads\/2025\/09\/003-20250516-DSC03288-Verbessert-RR-1024x683.jpg\" alt=\"\" class=\"wp-image-224\" srcset=\"https:\/\/chor-and-more-wuppertal.de\/wp-content\/uploads\/2025\/09\/003-20250516-DSC03288-Verbessert-RR-1024x683.jpg 1024w, https:\/\/chor-and-more-wuppertal.de\/wp-content\/uploads\/2025\/09\/003-20250516-DSC03288-Verbessert-RR-300x200.jpg 300w, https:\/\/chor-and-more-wuppertal.de\/wp-content\/uploads\/2025\/09\/003-20250516-DSC03288-Verbessert-RR-768x512.jpg 768w, https:\/\/chor-and-more-wuppertal.de\/wp-content\/uploads\/2025\/09\/003-20250516-DSC03288-Verbessert-RR-1536x1024.jpg 1536w, https:\/\/chor-and-more-wuppertal.de\/wp-content\/uploads\/2025\/09\/003-20250516-DSC03288-Verbessert-RR-2048x1365.jpg 2048w, https:\/\/chor-and-more-wuppertal.de\/wp-content\/uploads\/2025\/09\/003-20250516-DSC03288-Verbessert-RR-850x567.jpg 850w\" sizes=\"auto, (max-width: 1024px) 100vw, 1024px\" \/><\/figure>\n\n\n\n<p><\/p>\n\n\n\n<figure class=\"wp-block-gallery has-nested-images columns-default is-cropped wp-block-gallery-2 is-layout-flex wp-block-gallery-is-layout-flex\">\n<figure class=\"wp-block-image size-large\"><img loading=\"lazy\" decoding=\"async\" width=\"1024\" height=\"683\" data-id=\"73\" src=\"https:\/\/chor-and-more-wuppertal.de\/wp-content\/uploads\/2023\/08\/006-20230606-1024x683.jpg\" alt=\"\" class=\"wp-image-73\" srcset=\"https:\/\/chor-and-more-wuppertal.de\/wp-content\/uploads\/2023\/08\/006-20230606-1024x683.jpg 1024w, https:\/\/chor-and-more-wuppertal.de\/wp-content\/uploads\/2023\/08\/006-20230606-300x200.jpg 300w, https:\/\/chor-and-more-wuppertal.de\/wp-content\/uploads\/2023\/08\/006-20230606-768x512.jpg 768w, https:\/\/chor-and-more-wuppertal.de\/wp-content\/uploads\/2023\/08\/006-20230606-1536x1024.jpg 1536w, https:\/\/chor-and-more-wuppertal.de\/wp-content\/uploads\/2023\/08\/006-20230606-2048x1366.jpg 2048w, https:\/\/chor-and-more-wuppertal.de\/wp-content\/uploads\/2023\/08\/006-20230606-850x567.jpg 850w\" sizes=\"auto, (max-width: 1024px) 100vw, 1024px\" \/><\/figure>\n<\/figure>\n\n\n\n<figure class=\"wp-block-gallery has-nested-images columns-default is-cropped wp-block-gallery-3 is-layout-flex wp-block-gallery-is-layout-flex\">\n<figure class=\"wp-block-image size-large\"><img loading=\"lazy\" decoding=\"async\" width=\"1024\" height=\"683\" data-id=\"74\" src=\"https:\/\/chor-and-more-wuppertal.de\/wp-content\/uploads\/2023\/08\/008-20230606-1024x683.jpg\" alt=\"\" class=\"wp-image-74\" srcset=\"https:\/\/chor-and-more-wuppertal.de\/wp-content\/uploads\/2023\/08\/008-20230606-1024x683.jpg 1024w, https:\/\/chor-and-more-wuppertal.de\/wp-content\/uploads\/2023\/08\/008-20230606-300x200.jpg 300w, https:\/\/chor-and-more-wuppertal.de\/wp-content\/uploads\/2023\/08\/008-20230606-768x512.jpg 768w, https:\/\/chor-and-more-wuppertal.de\/wp-content\/uploads\/2023\/08\/008-20230606-1536x1024.jpg 1536w, https:\/\/chor-and-more-wuppertal.de\/wp-content\/uploads\/2023\/08\/008-20230606-2048x1366.jpg 2048w, https:\/\/chor-and-more-wuppertal.de\/wp-content\/uploads\/2023\/08\/008-20230606-850x567.jpg 850w\" sizes=\"auto, (max-width: 1024px) 100vw, 1024px\" \/><\/figure>\n\n\n\n<figure class=\"wp-block-image size-large\"><img loading=\"lazy\" decoding=\"async\" width=\"683\" height=\"1024\" data-id=\"75\" src=\"https:\/\/chor-and-more-wuppertal.de\/wp-content\/uploads\/2023\/08\/012-20230606-683x1024.jpg\" alt=\"\" class=\"wp-image-75\" srcset=\"https:\/\/chor-and-more-wuppertal.de\/wp-content\/uploads\/2023\/08\/012-20230606-683x1024.jpg 683w, https:\/\/chor-and-more-wuppertal.de\/wp-content\/uploads\/2023\/08\/012-20230606-200x300.jpg 200w, https:\/\/chor-and-more-wuppertal.de\/wp-content\/uploads\/2023\/08\/012-20230606-768x1152.jpg 768w, https:\/\/chor-and-more-wuppertal.de\/wp-content\/uploads\/2023\/08\/012-20230606-1024x1536.jpg 1024w, https:\/\/chor-and-more-wuppertal.de\/wp-content\/uploads\/2023\/08\/012-20230606-1366x2048.jpg 1366w, https:\/\/chor-and-more-wuppertal.de\/wp-content\/uploads\/2023\/08\/012-20230606-300x450.jpg 300w, https:\/\/chor-and-more-wuppertal.de\/wp-content\/uploads\/2023\/08\/012-20230606-850x1274.jpg 850w, https:\/\/chor-and-more-wuppertal.de\/wp-content\/uploads\/2023\/08\/012-20230606-scaled.jpg 1707w\" sizes=\"auto, (max-width: 683px) 100vw, 683px\" \/><\/figure>\n\n\n\n<figure class=\"wp-block-image size-large\"><img loading=\"lazy\" decoding=\"async\" width=\"683\" height=\"1024\" data-id=\"77\" src=\"https:\/\/chor-and-more-wuppertal.de\/wp-content\/uploads\/2023\/08\/014-20230606-683x1024.jpg\" alt=\"\" class=\"wp-image-77\" srcset=\"https:\/\/chor-and-more-wuppertal.de\/wp-content\/uploads\/2023\/08\/014-20230606-683x1024.jpg 683w, https:\/\/chor-and-more-wuppertal.de\/wp-content\/uploads\/2023\/08\/014-20230606-200x300.jpg 200w, https:\/\/chor-and-more-wuppertal.de\/wp-content\/uploads\/2023\/08\/014-20230606-768x1152.jpg 768w, https:\/\/chor-and-more-wuppertal.de\/wp-content\/uploads\/2023\/08\/014-20230606-1024x1536.jpg 1024w, https:\/\/chor-and-more-wuppertal.de\/wp-content\/uploads\/2023\/08\/014-20230606-1366x2048.jpg 1366w, https:\/\/chor-and-more-wuppertal.de\/wp-content\/uploads\/2023\/08\/014-20230606-300x450.jpg 300w, https:\/\/chor-and-more-wuppertal.de\/wp-content\/uploads\/2023\/08\/014-20230606-850x1274.jpg 850w, https:\/\/chor-and-more-wuppertal.de\/wp-content\/uploads\/2023\/08\/014-20230606-scaled.jpg 1707w\" sizes=\"auto, (max-width: 683px) 100vw, 683px\" \/><\/figure>\n\n\n\n<figure class=\"wp-block-image size-large\"><img loading=\"lazy\" decoding=\"async\" width=\"1024\" height=\"683\" data-id=\"79\" src=\"https:\/\/chor-and-more-wuppertal.de\/wp-content\/uploads\/2023\/08\/015-20230606-2-1024x683.jpg\" alt=\"\" class=\"wp-image-79\" srcset=\"https:\/\/chor-and-more-wuppertal.de\/wp-content\/uploads\/2023\/08\/015-20230606-2-1024x683.jpg 1024w, https:\/\/chor-and-more-wuppertal.de\/wp-content\/uploads\/2023\/08\/015-20230606-2-300x200.jpg 300w, https:\/\/chor-and-more-wuppertal.de\/wp-content\/uploads\/2023\/08\/015-20230606-2-768x512.jpg 768w, https:\/\/chor-and-more-wuppertal.de\/wp-content\/uploads\/2023\/08\/015-20230606-2-1536x1024.jpg 1536w, https:\/\/chor-and-more-wuppertal.de\/wp-content\/uploads\/2023\/08\/015-20230606-2-2048x1366.jpg 2048w, https:\/\/chor-and-more-wuppertal.de\/wp-content\/uploads\/2023\/08\/015-20230606-2-850x567.jpg 850w\" sizes=\"auto, (max-width: 1024px) 100vw, 1024px\" \/><\/figure>\n\n\n\n<figure class=\"wp-block-image size-large\"><img loading=\"lazy\" decoding=\"async\" width=\"1024\" height=\"683\" data-id=\"76\" src=\"https:\/\/chor-and-more-wuppertal.de\/wp-content\/uploads\/2023\/08\/018-20230606-1024x683.jpg\" alt=\"\" class=\"wp-image-76\" srcset=\"https:\/\/chor-and-more-wuppertal.de\/wp-content\/uploads\/2023\/08\/018-20230606-1024x683.jpg 1024w, https:\/\/chor-and-more-wuppertal.de\/wp-content\/uploads\/2023\/08\/018-20230606-300x200.jpg 300w, https:\/\/chor-and-more-wuppertal.de\/wp-content\/uploads\/2023\/08\/018-20230606-768x512.jpg 768w, https:\/\/chor-and-more-wuppertal.de\/wp-content\/uploads\/2023\/08\/018-20230606-1536x1024.jpg 1536w, https:\/\/chor-and-more-wuppertal.de\/wp-content\/uploads\/2023\/08\/018-20230606-2048x1366.jpg 2048w, https:\/\/chor-and-more-wuppertal.de\/wp-content\/uploads\/2023\/08\/018-20230606-850x567.jpg 850w\" sizes=\"auto, (max-width: 1024px) 100vw, 1024px\" \/><\/figure>\n\n\n\n<figure class=\"wp-block-image size-large\"><img loading=\"lazy\" decoding=\"async\" width=\"1024\" height=\"683\" data-id=\"80\" src=\"https:\/\/chor-and-more-wuppertal.de\/wp-content\/uploads\/2023\/08\/045-20241006-1-1024x683.jpg\" alt=\"\" class=\"wp-image-80\" srcset=\"https:\/\/chor-and-more-wuppertal.de\/wp-content\/uploads\/2023\/08\/045-20241006-1-1024x683.jpg 1024w, https:\/\/chor-and-more-wuppertal.de\/wp-content\/uploads\/2023\/08\/045-20241006-1-300x200.jpg 300w, https:\/\/chor-and-more-wuppertal.de\/wp-content\/uploads\/2023\/08\/045-20241006-1-768x512.jpg 768w, https:\/\/chor-and-more-wuppertal.de\/wp-content\/uploads\/2023\/08\/045-20241006-1-1536x1024.jpg 1536w, https:\/\/chor-and-more-wuppertal.de\/wp-content\/uploads\/2023\/08\/045-20241006-1-2048x1366.jpg 2048w, https:\/\/chor-and-more-wuppertal.de\/wp-content\/uploads\/2023\/08\/045-20241006-1-850x567.jpg 850w\" sizes=\"auto, (max-width: 1024px) 100vw, 1024px\" \/><\/figure>\n\n\n\n<figure class=\"wp-block-image size-large\"><img loading=\"lazy\" decoding=\"async\" width=\"1024\" height=\"683\" data-id=\"82\" src=\"https:\/\/chor-and-more-wuppertal.de\/wp-content\/uploads\/2023\/08\/010-20230606-1-1024x683.jpg\" alt=\"\" class=\"wp-image-82\" srcset=\"https:\/\/chor-and-more-wuppertal.de\/wp-content\/uploads\/2023\/08\/010-20230606-1-1024x683.jpg 1024w, https:\/\/chor-and-more-wuppertal.de\/wp-content\/uploads\/2023\/08\/010-20230606-1-300x200.jpg 300w, https:\/\/chor-and-more-wuppertal.de\/wp-content\/uploads\/2023\/08\/010-20230606-1-768x512.jpg 768w, https:\/\/chor-and-more-wuppertal.de\/wp-content\/uploads\/2023\/08\/010-20230606-1-1536x1024.jpg 1536w, https:\/\/chor-and-more-wuppertal.de\/wp-content\/uploads\/2023\/08\/010-20230606-1-2048x1366.jpg 2048w, https:\/\/chor-and-more-wuppertal.de\/wp-content\/uploads\/2023\/08\/010-20230606-1-850x567.jpg 850w\" sizes=\"auto, (max-width: 1024px) 100vw, 1024px\" \/><\/figure>\n<\/figure>\n\n\n\n<p><\/p>\n\n\n\n<p><\/p>\n\n\n\n<p><\/p>\n","protected":false},"excerpt":{"rendered":"<p>Willkommen bei&nbsp;cHor&amp;more e.V.&nbsp;\u2013 dem Popchor vom Katernberg! Seit dem Fr\u00fchjahr 2012 bringen wir mit modernen Popsongs, Circle- und Loopsongs, Body-Percussion und gef\u00fchlvollen A-cappella-Arrangements frischen Klang nach Wuppertal. Unter der Leitung von&nbsp;Hilde Kuhlmann&nbsp;sind wir inzwischen \u00fcber 30 S\u00e4ngerinnen und S\u00e4nger, die mit Leidenschaft, Freude und Energie gemeinsam musizieren. Unsere Proben im Gemeindehaus der Friedhofskirche, unsere Wochenenden&#8230;<\/p>\n","protected":false},"author":1,"featured_media":0,"parent":0,"menu_order":0,"comment_status":"closed","ping_status":"open","template":"","meta":{"footnotes":""},"class_list":["post-2","page","type-page","status-publish","hentry"],"_links":{"self":[{"href":"https:\/\/chor-and-more-wuppertal.de\/index.php?rest_route=\/wp\/v2\/pages\/2","targetHints":{"allow":["GET"]}}],"collection":[{"href":"https:\/\/chor-and-more-wuppertal.de\/index.php?rest_route=\/wp\/v2\/pages"}],"about":[{"href":"https:\/\/chor-and-more-wuppertal.de\/index.php?rest_route=\/wp\/v2\/types\/page"}],"author":[{"embeddable":true,"href":"https:\/\/chor-and-more-wuppertal.de\/index.php?rest_route=\/wp\/v2\/users\/1"}],"replies":[{"embeddable":true,"href":"https:\/\/chor-and-more-wuppertal.de\/index.php?rest_route=%2Fwp%2Fv2%2Fcomments&post=2"}],"version-history":[{"count":18,"href":"https:\/\/chor-and-more-wuppertal.de\/index.php?rest_route=\/wp\/v2\/pages\/2\/revisions"}],"predecessor-version":[{"id":278,"href":"https:\/\/chor-and-more-wuppertal.de\/index.php?rest_route=\/wp\/v2\/pages\/2\/revisions\/278"}],"wp:attachment":[{"href":"https:\/\/chor-and-more-wuppertal.de\/index.php?rest_route=%2Fwp%2Fv2%2Fmedia&parent=2"}],"curies":[{"name":"wp","href":"https:\/\/api.w.org\/{rel}","templated":true}]}}